{"id":205,"date":"2020-04-03T20:45:42","date_gmt":"2020-04-03T18:45:42","guid":{"rendered":"http:\/\/608030741632.hostingkunde.de\/wordpress\/?page_id=205"},"modified":"2020-04-04T12:40:19","modified_gmt":"2020-04-04T10:40:19","slug":"impressum","status":"publish","type":"page","link":"https:\/\/www.pony-clyde.de\/?page_id=205","title":{"rendered":"Impressum"},"content":{"rendered":"<h1 class=\"adsimple-321151068\">Impressum<\/h1>\n<p class=\"adsimple-321151068\">Informationspflicht laut \u00a7 5 TMG.<\/p>\n<p>Friseursalon Pony&amp;Clyde<br \/>\nInhaber: Dirk Fraser<\/p>\n<p>Beim Strohhause 18<br \/>\n20097 Hamburg<br \/>\nDeutschland<\/p>\n<p>Tel: +49 40 247439<br \/>\nEmail Addresse: <span id=\"eeb-425458-824758\">info@pony-clyde.de<\/span><i class=\"eeb-encoded dashicons-before dashicons-lock\" title=\"Email encoded successfully!\"><\/i><\/p>\n<p>Steuer Nr.: 4606300374 E5<br \/>\nHK-Betriebs Nr.: 2931040140<\/p>\n<p>Quelle: Erstellt\u00a0mit dem <a title=\"Impressum Generator Deutschland\" href=\"https:\/\/www.adsimple.de\/impressum-generator\/\" target=\"_blank\" rel=\"follow noopener noreferrer\">Impressum Generator<\/a> von AdSimple<\/p>\n<h2>Betriebshaftpflichtversicherung<b><\/b><\/h2>\n<div>Allianz Versicherungs-Aktiengesellschaft<\/div>\n<div>Sitz der Gesellschaft: M\u00fcnchen<\/div>\n<div>Registergericht: M\u00fcnchen HRB 75727<\/div>\n<div><\/div>\n<h2 class=\"adsimple-321151068\">EU-Streitschlichtung<\/h2>\n<p>Gem\u00e4\u00df Verordnung \u00fcber Online-Streitbeilegung in Verbraucherangelegenheiten (ODR-Verordnung) m\u00f6chten wir Sie \u00fcber die Online-Streitbeilegungsplattform (OS-Plattform) informieren.<br \/>\nVerbraucher haben die M\u00f6glichkeit, Beschwerden an die Online Streitbeilegungsplattform der Europ\u00e4ischen Kommission unter <a class=\"adsimple-321151068\" href=\"https:\/\/ec.europa.eu\/consumers\/odr\/main\/index.cfm?event=main.home2.show&amp;lng=DE\" target=\"_blank\" rel=\"noopener noreferrer\">http:\/\/ec.europa.eu\/odr?tid=321151068<\/a> zu richten. Die daf\u00fcr notwendigen Kontaktdaten finden Sie oberhalb in unserem Impressum.<\/p>\n<p>Wir m\u00f6chten Sie jedoch darauf hinweisen, dass wir nicht bereit oder verpflichtet sind, an Streitbeilegungsverfahren vor einer Verbraucherschlichtungsstelle teilzunehmen.<\/p>\n<h2 class=\"adsimple-321151068\">Haftung f\u00fcr Inhalte dieser Website<\/h2>\n<p>Wir entwickeln die Inhalte dieser Webseite st\u00e4ndig weiter und bem\u00fchen uns korrekte und aktuelle Informationen bereitzustellen. Laut Telemediengesetz <a class=\"adsimple-321151068\" href=\"https:\/\/www.gesetze-im-internet.de\/tmg\/__7.html?tid=321151068\" target=\"_blank\" rel=\"noopener noreferrer\">(TMG) \u00a77 (1)<\/a> sind wir als Diensteanbieter f\u00fcr eigene Informationen, die wir zur Nutzung bereitstellen, nach den allgemeinen Gesetzen verantwortlich. Leider k\u00f6nnen wir keine Haftung f\u00fcr die Korrektheit aller Inhalte auf dieser Webseite \u00fcbernehmen, speziell f\u00fcr jene die seitens Dritter bereitgestellt wurden. Als Diensteanbieter im Sinne der \u00a7\u00a7 8 bis 10 sind wir nicht verpflichtet, die von ihnen \u00fcbermittelten oder gespeicherten Informationen zu \u00fcberwachen oder nach Umst\u00e4nden zu forschen, die auf eine rechtswidrige T\u00e4tigkeit hinweisen.<\/p>\n<p>Unsere Verpflichtungen zur Entfernung von Informationen oder zur Sperrung der Nutzung von Informationen nach den allgemeinen Gesetzen aufgrund von gerichtlichen oder beh\u00f6rdlichen Anordnungen bleiben auch im Falle unserer Nichtverantwortlichkeit nach den \u00a7\u00a7 8 bis 10 unber\u00fchrt.<\/p>\n<p>Sollten Ihnen problematische oder rechtswidrige Inhalte auffallen, bitte wir Sie uns umgehend zu kontaktieren, damit wir die rechtswidrigen Inhalte entfernen k\u00f6nnen. Sie finden die Kontaktdaten im Impressum.<\/p>\n<h2 class=\"adsimple-321151068\">Haftung f\u00fcr Links auf dieser Website<\/h2>\n<p>Unsere Webseite enth\u00e4lt Links zu anderen Webseiten f\u00fcr deren Inhalt wir nicht verantwortlich sind. Haftung f\u00fcr verlinkte Websites besteht f\u00fcr uns nicht, da wir keine Kenntnis rechtswidriger T\u00e4tigkeiten hatten und haben, uns solche Rechtswidrigkeiten auch bisher nicht aufgefallen sind und wir Links sofort entfernen w\u00fcrden, wenn uns Rechtswidrigkeiten bekannt werden.<\/p>\n<p>Wenn Ihnen rechtswidrige Links auf unserer Website auffallen, bitte wir Sie uns zu kontaktieren. Sie finden die Kontaktdaten im Impressum.<\/p>\n<h2 class=\"adsimple-321151068\">Urheberrechtshinweis<\/h2>\n<p>Alle Inhalte dieser Webseite (Bilder, Fotos, Texte, Videos) unterliegen dem Urheberrecht der Bundesrepublik Deutschland. Bitte fragen Sie uns bevor Sie die Inhalte dieser Website verbreiten, vervielf\u00e4ltigen oder verwerten wie zum Beispiel auf anderen Websites erneut ver\u00f6ffentlichen. Falls notwendig, werden wir die unerlaubte Nutzung von Teilen der Inhalte unserer Seite rechtlich verfolgen.<\/p>\n<p>Sollten Sie auf dieser Webseite Inhalte finden, die das Urheberrecht verletzen, bitten wir Sie uns zu kontaktieren.<\/p>\n<h2 class=\"adsimple-321151068\">Bildernachweis<\/h2>\n<p>Die Bilder, Fotos und Grafiken auf dieser Webseite sind urheberrechtlich gesch\u00fctzt.<\/p>\n<p>Die Bilderrechte liegen bei den folgenden Fotografen und Unternehmen:<\/p>\n<ul class=\"adsimple-321151068\">\n<li class=\"adsimple-321151068\">Pony Clyde Friseursalon<\/li>\n<li>Roland Magunia \/ Funke Foto Services<\/li>\n<\/ul>\n<p>Quelle: Erstellt\u00a0mit dem\u00a0<a title=\"Datenschutz Generator Deutschland\" href=\"https:\/\/www.adsimple.de\/datenschutz-generator\/\" target=\"_blank\" rel=\"follow noopener noreferrer\">Datenschutz Generator<\/a> von AdSimple<\/p>\n","protected":false},"excerpt":{"rendered":"<p>Impressum Informationspflicht laut \u00a7 5 TMG. Friseursalon Pony&amp;Clyde Inhaber: Dirk Fraser Beim Strohhause 18 20097 Hamburg Deutschland Tel: +49 40 247439 Email Addresse: info@pony-clyde.de Steuer Nr.: 4606300374 E5 HK-Betriebs Nr.: 2931040140 Quelle: Erstellt\u00a0mit dem Impressum Generator von AdSimple Betriebshaftpflichtversicherung Allianz Versicherungs-Aktiengesellschaft Sitz der Gesellschaft: M\u00fcnchen Registergericht: M\u00fcnchen HRB 75727 EU-Streitschlichtung Gem\u00e4\u00df Verordnung \u00fcber Online-Streitbeilegung in Verbraucherangelegenheiten (ODR-Verordnung) m\u00f6chten wir Sie [&hellip;]<\/p>\n","protected":false},"author":1,"featured_media":0,"parent":0,"menu_order":0,"comment_status":"closed","ping_status":"closed","template":"","meta":{"footnotes":""},"yoast_head":"<!-- This site is optimized with the Yoast SEO plugin v23.5 - https:\/\/yoast.com\/wordpress\/plugins\/seo\/ -->\n<title>Impressum - Pony &amp; Clyde<\/title>\n<meta name=\"robots\" content=\"index, nofollow, max-snippet:-1, max-image-preview:large, max-video-preview:-1\" \/>\n<link rel=\"canonical\" href=\"https:\/\/www.pony-clyde.de\/?page_id=205\" \/>\n<meta property=\"og:locale\" content=\"de_DE\" \/>\n<meta property=\"og:type\" content=\"article\" \/>\n<meta property=\"og:title\" content=\"Impressum - Pony &amp; Clyde\" \/>\n<meta property=\"og:description\" content=\"Impressum Informationspflicht laut \u00a7 5 TMG. Friseursalon Pony&amp;Clyde Inhaber: Dirk Fraser Beim Strohhause 18 20097 Hamburg Deutschland Tel: +49 40 247439 Email Addresse: info@pony-clyde.de Steuer Nr.: 4606300374 E5 HK-Betriebs Nr.: 2931040140 Quelle: Erstellt\u00a0mit dem Impressum Generator von AdSimple Betriebshaftpflichtversicherung Allianz Versicherungs-Aktiengesellschaft Sitz der Gesellschaft: M\u00fcnchen Registergericht: M\u00fcnchen HRB 75727 EU-Streitschlichtung Gem\u00e4\u00df Verordnung \u00fcber Online-Streitbeilegung in Verbraucherangelegenheiten (ODR-Verordnung) m\u00f6chten wir Sie [&hellip;]\" \/>\n<meta property=\"og:url\" content=\"https:\/\/www.pony-clyde.de\/?page_id=205\" \/>\n<meta property=\"og:site_name\" content=\"Pony &amp; Clyde\" \/>\n<meta property=\"article:modified_time\" content=\"2020-04-04T10:40:19+00:00\" \/>\n<meta name=\"twitter:card\" content=\"summary_large_image\" \/>\n<meta name=\"twitter:label1\" content=\"Gesch\u00e4tzte Lesezeit\" \/>\n\t<meta name=\"twitter:data1\" content=\"2\u00a0Minuten\" \/>\n<script type=\"application\/ld+json\" class=\"yoast-schema-graph\">{\"@context\":\"https:\/\/schema.org\",\"@graph\":[{\"@type\":\"WebPage\",\"@id\":\"https:\/\/www.pony-clyde.de\/?page_id=205\",\"url\":\"https:\/\/www.pony-clyde.de\/?page_id=205\",\"name\":\"Impressum - Pony &amp; Clyde\",\"isPartOf\":{\"@id\":\"https:\/\/www.pony-clyde.de\/#website\"},\"datePublished\":\"2020-04-03T18:45:42+00:00\",\"dateModified\":\"2020-04-04T10:40:19+00:00\",\"breadcrumb\":{\"@id\":\"https:\/\/www.pony-clyde.de\/?page_id=205#breadcrumb\"},\"inLanguage\":\"de\",\"potentialAction\":[{\"@type\":\"ReadAction\",\"target\":[\"https:\/\/www.pony-clyde.de\/?page_id=205\"]}]},{\"@type\":\"BreadcrumbList\",\"@id\":\"https:\/\/www.pony-clyde.de\/?page_id=205#breadcrumb\",\"itemListElement\":[{\"@type\":\"ListItem\",\"position\":1,\"name\":\"Startseite\",\"item\":\"https:\/\/www.pony-clyde.de\/\"},{\"@type\":\"ListItem\",\"position\":2,\"name\":\"Impressum\"}]},{\"@type\":\"WebSite\",\"@id\":\"https:\/\/www.pony-clyde.de\/#website\",\"url\":\"https:\/\/www.pony-clyde.de\/\",\"name\":\"Pony &amp; Clyde\",\"description\":\"Friseursalon\",\"publisher\":{\"@id\":\"https:\/\/www.pony-clyde.de\/#organization\"},\"potentialAction\":[{\"@type\":\"SearchAction\",\"target\":{\"@type\":\"EntryPoint\",\"urlTemplate\":\"https:\/\/www.pony-clyde.de\/?s={search_term_string}\"},\"query-input\":{\"@type\":\"PropertyValueSpecification\",\"valueRequired\":true,\"valueName\":\"search_term_string\"}}],\"inLanguage\":\"de\"},{\"@type\":\"Organization\",\"@id\":\"https:\/\/www.pony-clyde.de\/#organization\",\"name\":\"Pony &amp; Clyde\",\"url\":\"https:\/\/www.pony-clyde.de\/\",\"logo\":{\"@type\":\"ImageObject\",\"inLanguage\":\"de\",\"@id\":\"https:\/\/www.pony-clyde.de\/#\/schema\/logo\/image\/\",\"url\":\"https:\/\/www.pony-clyde.de\/wp-content\/uploads\/2020\/04\/cropped-pc-logo-big.gif\",\"contentUrl\":\"https:\/\/www.pony-clyde.de\/wp-content\/uploads\/2020\/04\/cropped-pc-logo-big.gif\",\"width\":250,\"height\":41,\"caption\":\"Pony &amp; Clyde\"},\"image\":{\"@id\":\"https:\/\/www.pony-clyde.de\/#\/schema\/logo\/image\/\"}}]}<\/script>\n<!-- \/ Yoast SEO plugin. -->","yoast_head_json":{"title":"Impressum - Pony &amp; Clyde","robots":{"index":"index","follow":"nofollow","max-snippet":"max-snippet:-1","max-image-preview":"max-image-preview:large","max-video-preview":"max-video-preview:-1"},"canonical":"https:\/\/www.pony-clyde.de\/?page_id=205","og_locale":"de_DE","og_type":"article","og_title":"Impressum - Pony &amp; Clyde","og_description":"Impressum Informationspflicht laut \u00a7 5 TMG. Friseursalon Pony&amp;Clyde Inhaber: Dirk Fraser Beim Strohhause 18 20097 Hamburg Deutschland Tel: +49 40 247439 Email Addresse: info@pony-clyde.de Steuer Nr.: 4606300374 E5 HK-Betriebs Nr.: 2931040140 Quelle: Erstellt\u00a0mit dem Impressum Generator von AdSimple Betriebshaftpflichtversicherung Allianz Versicherungs-Aktiengesellschaft Sitz der Gesellschaft: M\u00fcnchen Registergericht: M\u00fcnchen HRB 75727 EU-Streitschlichtung Gem\u00e4\u00df Verordnung \u00fcber Online-Streitbeilegung in Verbraucherangelegenheiten (ODR-Verordnung) m\u00f6chten wir Sie [&hellip;]","og_url":"https:\/\/www.pony-clyde.de\/?page_id=205","og_site_name":"Pony &amp; Clyde","article_modified_time":"2020-04-04T10:40:19+00:00","twitter_card":"summary_large_image","twitter_misc":{"Gesch\u00e4tzte Lesezeit":"2\u00a0Minuten"},"schema":{"@context":"https:\/\/schema.org","@graph":[{"@type":"WebPage","@id":"https:\/\/www.pony-clyde.de\/?page_id=205","url":"https:\/\/www.pony-clyde.de\/?page_id=205","name":"Impressum - Pony &amp; Clyde","isPartOf":{"@id":"https:\/\/www.pony-clyde.de\/#website"},"datePublished":"2020-04-03T18:45:42+00:00","dateModified":"2020-04-04T10:40:19+00:00","breadcrumb":{"@id":"https:\/\/www.pony-clyde.de\/?page_id=205#breadcrumb"},"inLanguage":"de","potentialAction":[{"@type":"ReadAction","target":["https:\/\/www.pony-clyde.de\/?page_id=205"]}]},{"@type":"BreadcrumbList","@id":"https:\/\/www.pony-clyde.de\/?page_id=205#breadcrumb","itemListElement":[{"@type":"ListItem","position":1,"name":"Startseite","item":"https:\/\/www.pony-clyde.de\/"},{"@type":"ListItem","position":2,"name":"Impressum"}]},{"@type":"WebSite","@id":"https:\/\/www.pony-clyde.de\/#website","url":"https:\/\/www.pony-clyde.de\/","name":"Pony &amp; Clyde","description":"Friseursalon","publisher":{"@id":"https:\/\/www.pony-clyde.de\/#organization"},"potentialAction":[{"@type":"SearchAction","target":{"@type":"EntryPoint","urlTemplate":"https:\/\/www.pony-clyde.de\/?s={search_term_string}"},"query-input":{"@type":"PropertyValueSpecification","valueRequired":true,"valueName":"search_term_string"}}],"inLanguage":"de"},{"@type":"Organization","@id":"https:\/\/www.pony-clyde.de\/#organization","name":"Pony &amp; Clyde","url":"https:\/\/www.pony-clyde.de\/","logo":{"@type":"ImageObject","inLanguage":"de","@id":"https:\/\/www.pony-clyde.de\/#\/schema\/logo\/image\/","url":"https:\/\/www.pony-clyde.de\/wp-content\/uploads\/2020\/04\/cropped-pc-logo-big.gif","contentUrl":"https:\/\/www.pony-clyde.de\/wp-content\/uploads\/2020\/04\/cropped-pc-logo-big.gif","width":250,"height":41,"caption":"Pony &amp; Clyde"},"image":{"@id":"https:\/\/www.pony-clyde.de\/#\/schema\/logo\/image\/"}}]}},"_links":{"self":[{"href":"https:\/\/www.pony-clyde.de\/index.php?rest_route=\/wp\/v2\/pages\/205"}],"collection":[{"href":"https:\/\/www.pony-clyde.de\/index.php?rest_route=\/wp\/v2\/pages"}],"about":[{"href":"https:\/\/www.pony-clyde.de\/index.php?rest_route=\/wp\/v2\/types\/page"}],"author":[{"embeddable":true,"href":"https:\/\/www.pony-clyde.de\/index.php?rest_route=\/wp\/v2\/users\/1"}],"replies":[{"embeddable":true,"href":"https:\/\/www.pony-clyde.de\/index.php?rest_route=%2Fwp%2Fv2%2Fcomments&post=205"}],"version-history":[{"count":5,"href":"https:\/\/www.pony-clyde.de\/index.php?rest_route=\/wp\/v2\/pages\/205\/revisions"}],"predecessor-version":[{"id":210,"href":"https:\/\/www.pony-clyde.de\/index.php?rest_route=\/wp\/v2\/pages\/205\/revisions\/210"}],"wp:attachment":[{"href":"https:\/\/www.pony-clyde.de\/index.php?rest_route=%2Fwp%2Fv2%2Fmedia&parent=205"}],"curies":[{"name":"wp","href":"https:\/\/api.w.org\/{rel}","templated":true}]}}