{"id":251,"date":"2020-04-03T12:35:04","date_gmt":"2020-04-03T10:35:04","guid":{"rendered":"https:\/\/pony-clyde.de\/?page_id=251"},"modified":"2025-06-30T20:15:53","modified_gmt":"2025-06-30T18:15:53","slug":"home","status":"publish","type":"page","link":"https:\/\/www.pony-clyde.de\/","title":{"rendered":"Home"},"content":{"rendered":"<div class=\"sf-image-banner \"><div class=\"image-banner-content sf-animation content-left text-left\" data-animation=\"none\" data-delay=\"200\"><br \/>\n<\/div><img decoding=\"async\" src=\"https:\/\/pony-clyde.de\/wp-content\/uploads\/2020\/04\/IMG_1873-2020-02-16-14_10_19-scaled-e1585899584184.jpg\" alt=\"\" \/><\/div>\n[blank_spacer height=&#8220;30px&#8220; width=&#8220;1\/1&#8243; el_position=&#8220;first last&#8220;] [spb_text_block pb_margin_bottom=&#8220;no&#8220; pb_border_bottom=&#8220;no&#8220; width=&#8220;1\/1&#8243; el_position=&#8220;first last&#8220;]\n<h1>Herzlich Willkommen im Friseursalon Pony &amp; Clyde!<\/h1>\n<h3>Lehnen Sie sich entspannt zur\u00fcck und legen Sie Ihre Haare in unsere H\u00e4nde.<br \/>\nAuf unserer Website finden Sie Informationen \u00fcber unseren Salon am Berliner Tor in Hamburg, unsere aktuellen Preise und wie Sie zu uns finden.<br \/>\nWir freuen uns, Sie demn\u00e4chst bei uns begr\u00fc\u00dfen zu d\u00fcrfen!<\/h3>\n<p>&nbsp;<\/p>\n<h3>Preisliste<\/h3>\n[\/spb_text_block] [spb_tabs width=&#8220;1\/1&#8243; el_position=&#8220;first last&#8220;] [spb_tab title=&#8220;Schneiden&#8220; icon=&#8220;&#8220; id=&#8220;schneiden&#8220;] [spb_text_block pb_margin_bottom=&#8220;no&#8220; pb_border_bottom=&#8220;no&#8220; width=&#8220;1\/1&#8243; el_position=&#8220;first last&#8220;]\n<table class=\"sf-table striped_minimal\"><tbody>\n<tr>\n<th>Schneiden<\/th>\n<th><\/th>\n<th>Damen<\/th>\n<th>Herren<\/th>\n<\/tr>\n<tr>\n<td>waschen\/schneiden selber f\u00f6nen<\/td>\n<td>ab<\/td>\n<td>\u20ac 41,00<\/td>\n<td>\u20ac 31,00<\/td>\n<\/tr>\n<tr>\n<td>Kinderhaarschnitt<\/td>\n<td>ab<\/td>\n<td>\u20ac 18,00<\/td>\n<td>\u20ac 18,00<\/td>\n<\/tr>\n<\/tbody><\/table>\n[\/spb_text_block] [\/spb_tab] [spb_tab title=&#8220;Frisieren&#8220; icon=&#8220;&#8220; id=&#8220;frisieren&#8220;] [spb_text_block pb_margin_bottom=&#8220;no&#8220; pb_border_bottom=&#8220;no&#8220; width=&#8220;1\/1&#8243; el_position=&#8220;first last&#8220;]\n<table class=\"sf-table striped_minimal\"><tbody>\n<tr>\n<th>Frisieren<\/th>\n<th><\/th>\n<th>Damen<\/th>\n<th>Herren<\/th>\n<\/tr>\n<tr>\n<td>waschen\/legen<\/td>\n<td>ab<\/td>\n<td>\u20ac 35,00<\/td>\n<td><\/td>\n<\/tr>\n<tr>\n<td>waschen\/f\u00f6nen<\/td>\n<td>ab<\/td>\n<td>\u20ac 31,00<\/td>\n<td><\/td>\n<\/tr>\n<tr>\n<td>lang<\/td>\n<td><\/td>\n<td>\u20ac 39,00<\/td>\n<td><\/td>\n<\/tr>\n<tr>\n<td>waschen schneiden f\u00f6nen<\/td>\n<td>ab<\/td>\n<td>\u20ac 51,00<\/td>\n<td><\/td>\n<\/tr>\n<tr>\n<td>lang<\/td>\n<td><\/td>\n<td>\u20ac 61,00<\/td>\n<td><\/td>\n<\/tr>\n<\/tbody><\/table>\n[\/spb_text_block] [\/spb_tab] [spb_tab title=&#8220;Farbe&#8220; icon=&#8220;&#8220; id=&#8220;farbe&#8220;] [spb_text_block pb_margin_bottom=&#8220;no&#8220; pb_border_bottom=&#8220;no&#8220; width=&#8220;1\/1&#8243; el_position=&#8220;first last&#8220;]\n<table class=\"sf-table striped_minimal\"><tbody>\n<tr>\n<th>Farbe<\/th>\n<th><\/th>\n<th>Damen<\/th>\n<th>Herren<\/th>\n<\/tr>\n<tr>\n<td>Neuf\u00e4rbung<\/td>\n<td>ab<\/td>\n<td>\u20ac 54,00<\/td>\n<td><\/td>\n<\/tr>\n<tr>\n<td>Langes Haar<\/td>\n<td>ab<\/td>\n<td>\u20ac 61,00<\/td>\n<td><\/td>\n<\/tr>\n<tr>\n<td>Folienstr\u00e4hnen<\/td>\n<td>ab<\/td>\n<td>\u20ac 69,00<\/td>\n<td><\/td>\n<\/tr>\n<tr>\n<td>Ansatz F\u00e4rbung<\/td>\n<td>ab<\/td>\n<td>\u20ac 48,00<\/td>\n<td><\/td>\n<tr><\/tr>\n<td>Intensiv T\u00f6nung<\/td>\n<td><\/td>\n<td>\u20ac 47,00<\/td>\n<td>\u20ac 47,00<\/td>\n<\/tr>\n<\/tbody><\/table>\n[\/spb_text_block] [\/spb_tab] [spb_tab title=&#8220;Dauerwelle&#8220; icon=&#8220;&#8220; id=&#8220;dauerwelle&#8220;] [spb_text_block pb_margin_bottom=&#8220;no&#8220; pb_border_bottom=&#8220;no&#8220; width=&#8220;1\/1&#8243; el_position=&#8220;first last&#8220;]\n<table class=\"sf-table striped_minimal\"><tbody>\n<tr>\n<th>Dauerwelle<\/th>\n<th><\/th>\n<th><\/th>\n<th><\/th>\n<\/tr>\n<tr>\n<td>Pflege Umformung incl schneiden u. f\u00f6nen<\/td>\n<td>ab<\/td>\n<td>\u20ac 95,00<\/td>\n<td><\/td>\n<\/tr>\n<\/tbody><\/table>\n[\/spb_text_block] [\/spb_tab] [spb_tab title=&#8220;Pflege&#8220; icon=&#8220;&#8220; id=&#8220;pflege&#8220;] [spb_text_block pb_margin_bottom=&#8220;no&#8220; pb_border_bottom=&#8220;no&#8220; width=&#8220;1\/1&#8243; el_position=&#8220;first last&#8220;]\n<table class=\"sf-table striped_minimal\"><tbody>\n<tr>\n<th>Pflege<\/th>\n<th><\/th>\n<th><\/th>\n<th><\/th>\n<\/tr>\n<tr>\n<td>Intensiv Kur<\/td>\n<td>ab<\/td>\n<td>\u20ac 5,50<\/td>\n<td><\/td>\n<\/tr>\n<tr>\n<td>Sp\u00fclung<\/td>\n<td>ab<\/td>\n<td>\u20ac 3,50<\/td>\n<td><\/td>\n<\/tr>\n<\/tbody><\/table>\n[\/spb_text_block] [\/spb_tab] [spb_tab title=&#8220;Kosmetik&#8220; icon=&#8220;&#8220; id=&#8220;kosmetik&#8220;] [spb_text_block pb_margin_bottom=&#8220;no&#8220; pb_border_bottom=&#8220;no&#8220; width=&#8220;1\/1&#8243; el_position=&#8220;first last&#8220;]\n<table class=\"sf-table striped_minimal\"><tbody>\n<tr>\n<th>Kosmetik<\/th>\n<th><\/th>\n<th><\/th>\n<th><\/th>\n<\/tr>\n<tr>\n<td>Augenbrauen f\u00e4rben<\/td>\n<td><\/td>\n<td>\u20ac 12,00<\/td>\n<td><\/td>\n<\/tr>\n<tr>\n<td>Wimpern<\/td>\n<td><\/td>\n<td>\u20ac 15,00<\/td>\n<td><\/td>\n<\/tr>\n<\/tbody><\/table>\n<p>&nbsp;<\/p>\n<p>&nbsp;<\/p>\n<p>&nbsp;<\/p>\n[\/spb_text_block] [\/spb_tab] [\/spb_tabs] [blank_spacer height=&#8220;30px&#8220; width=&#8220;1\/1&#8243; el_position=&#8220;first last&#8220;] [spb_message color=&#8220;alert-info&#8220; width=&#8220;1\/1&#8243; el_position=&#8220;first last&#8220;]\n<p>Terminvergabe unter Tel.: +49 40 24 74 39<\/p>\n[\/spb_message] [blank_spacer height=&#8220;50px&#8220; width=&#8220;1\/1&#8243; el_position=&#8220;first last&#8220;] [spb_message color=&#8220;alert-info&#8220; width=&#8220;1\/1&#8243; el_position=&#8220;first last&#8220;]\n<p>Studentenpreise\u00a0 &#8211; Herrenschnitt 27,00 \u20ac &#8211; Damenschnitt 37,00 \u20ac.<\/p>\n<p>Aufgrund der gestiegenen Lohn- Miet- sowie Energiekosten, sind wir leider gezwungen unsere Preise zum 01. Juli 2025 zu erh\u00f6hen!<\/p>\n[\/spb_message] [blank_spacer height=&#8220;30px&#8220; width=&#8220;1\/1&#8243; el_position=&#8220;first last&#8220;] [spb_text_block pb_margin_bottom=&#8220;no&#8220; pb_border_bottom=&#8220;no&#8220; width=&#8220;1\/2&#8243; el_position=&#8220;first&#8220;]\n<h3>\u00d6ffnungszeiten<\/h3>\n<table class=\"sf-table striped_minimal\"><tbody>\n<tr>\n<td>Montag<\/td>\n<td>10:00 &#8211; 19:00<\/td>\n<\/tr>\n<tr>\n<td>Dienstag<\/td>\n<td>10:00 &#8211; 19:00<\/td>\n<\/tr>\n<tr>\n<td>Mittwoch<\/td>\n<td>10:00 &#8211; 19:00<\/td>\n<\/tr>\n<tr>\n<td>Donnerstag<\/td>\n<td>10:00 &#8211; 19:00<\/td>\n<\/tr>\n<tr>\n<td>Freitag<\/td>\n<td>10:00 &#8211; 19:00<\/td>\n<\/tr>\n<\/tbody><\/table>\n[\/spb_text_block] [spb_single_image image=&#8220;236&#8243; image_size=&#8220;medium&#8220; frame=&#8220;noframe&#8220; intro_animation=&#8220;none&#8220; full_width=&#8220;no&#8220; lightbox=&#8220;yes&#8220; link_target=&#8220;_self&#8220; width=&#8220;1\/2&#8243; el_position=&#8220;last&#8220;] [blank_spacer height=&#8220;30px&#8220; width=&#8220;1\/1&#8243; el_position=&#8220;first last&#8220;] [spb_single_image image=&#8220;305&#8243; image_size=&#8220;medium&#8220; frame=&#8220;noframe&#8220; intro_animation=&#8220;none&#8220; full_width=&#8220;no&#8220; lightbox=&#8220;yes&#8220; image_link=&#8220;https:\/\/www.newsha.de\/shoppartner\/25181&#8243; link_target=&#8220;_blank&#8220; width=&#8220;1\/1&#8243; el_position=&#8220;first last&#8220;] [blank_spacer height=&#8220;30px&#8220; width=&#8220;1\/1&#8243; el_position=&#8220;first last&#8220;]\n<div id=\"lmm_3757d8c8\" style=\"width:100%;\" class=\"mapsmarker markermap marker-1\">\n<div id=\"lmm_map_3757d8c8\" class=\"lmm-map\" style=\"background:#f6f6f6;border:1px solid #ccc;height:300px; overflow:hidden;padding:0;\"><p style=\"font-size:80%;color:#9f9e9e;margin-left:5px;\">Karte wird geladen - bitte warten...<noscript><br\/><strong>Karte konnte nicht geladen werden - bitte aktivieren Sie Javascript!<\/strong><br\/><a style=\"text-decoration:none;\" href=\"https:\/\/www.mapsmarker.com\/js-disabled\" target=\"_blank\">&rarr; Weitere Informationen<\/a><\/noscript><\/p><\/div>\n<div id=\"lmm_geo_tags_3757d8c8\" class=\"lmm-geo-tags geo\">\n<span class=\"paneltext\">&nbsp;<\/span>\n<span class=\"latitude\">53.553300<\/span>, <span class=\"longitude\">10.021900<\/span>\n<span class=\"popuptext\">Pony &amp; Clyde, Beim Strohhause 18, 20097 Hamburg\r\n\r\nKostenpflichtige Parkpl\u00e4tze gibt es direkt vor der T\u00fcr oder im Parkhaus beim Strohhause 18<\/span>\n<\/div>\n<\/div>\n","protected":false},"excerpt":{"rendered":"<p>[blank_spacer height=&#8220;30px&#8220; width=&#8220;1\/1&#8243; el_position=&#8220;first last&#8220;] [spb_text_block pb_margin_bottom=&#8220;no&#8220; pb_border_bottom=&#8220;no&#8220; width=&#8220;1\/1&#8243; el_position=&#8220;first last&#8220;] Herzlich Willkommen im Friseursalon Pony &amp; Clyde! Lehnen Sie sich entspannt zur\u00fcck und legen Sie Ihre Haare in unsere H\u00e4nde. Auf unserer Website finden Sie Informationen \u00fcber unseren Salon am Berliner Tor in Hamburg, unsere aktuellen Preise und wie Sie zu uns finden. Wir freuen uns, Sie demn\u00e4chst bei [&hellip;]<\/p>\n","protected":false},"author":1,"featured_media":0,"parent":0,"menu_order":0,"comment_status":"closed","ping_status":"closed","template":"template-fw.php","meta":{"footnotes":""},"yoast_head":"<!-- This site is optimized with the Yoast SEO plugin v23.5 - https:\/\/yoast.com\/wordpress\/plugins\/seo\/ -->\n<title>Home - Pony &amp; Clyde<\/title>\n<meta name=\"description\" content=\"Pony &amp; Clyde - Ihr Friseur am Berliner Tor in Hamburg. Auf unserer Website erfahren Sie unsere aktuellen Preise und wie Sie zu uns finden.\" \/>\n<meta name=\"robots\" content=\"index, follow, max-snippet:-1, max-image-preview:large, max-video-preview:-1\" \/>\n<link rel=\"canonical\" href=\"https:\/\/www.pony-clyde.de\/\" \/>\n<meta property=\"og:locale\" content=\"de_DE\" \/>\n<meta property=\"og:type\" content=\"article\" \/>\n<meta property=\"og:title\" content=\"Home - Pony &amp; Clyde\" \/>\n<meta property=\"og:description\" content=\"Pony &amp; Clyde - Ihr Friseur am Berliner Tor in Hamburg. Auf unserer Website erfahren Sie unsere aktuellen Preise und wie Sie zu uns finden.\" \/>\n<meta property=\"og:url\" content=\"https:\/\/www.pony-clyde.de\/\" \/>\n<meta property=\"og:site_name\" content=\"Pony &amp; Clyde\" \/>\n<meta property=\"article:modified_time\" content=\"2025-06-30T18:15:53+00:00\" \/>\n<meta name=\"twitter:card\" content=\"summary_large_image\" \/>\n<meta name=\"twitter:label1\" content=\"Gesch\u00e4tzte Lesezeit\" \/>\n\t<meta name=\"twitter:data1\" content=\"3\u00a0Minuten\" \/>\n<script type=\"application\/ld+json\" class=\"yoast-schema-graph\">{\"@context\":\"https:\/\/schema.org\",\"@graph\":[{\"@type\":\"WebPage\",\"@id\":\"https:\/\/www.pony-clyde.de\/\",\"url\":\"https:\/\/www.pony-clyde.de\/\",\"name\":\"Home - Pony &amp; Clyde\",\"isPartOf\":{\"@id\":\"https:\/\/www.pony-clyde.de\/#website\"},\"datePublished\":\"2020-04-03T10:35:04+00:00\",\"dateModified\":\"2025-06-30T18:15:53+00:00\",\"description\":\"Pony & Clyde - Ihr Friseur am Berliner Tor in Hamburg. Auf unserer Website erfahren Sie unsere aktuellen Preise und wie Sie zu uns finden.\",\"breadcrumb\":{\"@id\":\"https:\/\/www.pony-clyde.de\/#breadcrumb\"},\"inLanguage\":\"de\",\"potentialAction\":[{\"@type\":\"ReadAction\",\"target\":[\"https:\/\/www.pony-clyde.de\/\"]}]},{\"@type\":\"BreadcrumbList\",\"@id\":\"https:\/\/www.pony-clyde.de\/#breadcrumb\",\"itemListElement\":[{\"@type\":\"ListItem\",\"position\":1,\"name\":\"Startseite\",\"item\":\"https:\/\/www.pony-clyde.de\/\"},{\"@type\":\"ListItem\",\"position\":2,\"name\":\"Home\"}]},{\"@type\":\"WebSite\",\"@id\":\"https:\/\/www.pony-clyde.de\/#website\",\"url\":\"https:\/\/www.pony-clyde.de\/\",\"name\":\"Pony &amp; Clyde\",\"description\":\"Friseursalon\",\"publisher\":{\"@id\":\"https:\/\/www.pony-clyde.de\/#organization\"},\"potentialAction\":[{\"@type\":\"SearchAction\",\"target\":{\"@type\":\"EntryPoint\",\"urlTemplate\":\"https:\/\/www.pony-clyde.de\/?s={search_term_string}\"},\"query-input\":{\"@type\":\"PropertyValueSpecification\",\"valueRequired\":true,\"valueName\":\"search_term_string\"}}],\"inLanguage\":\"de\"},{\"@type\":\"Organization\",\"@id\":\"https:\/\/www.pony-clyde.de\/#organization\",\"name\":\"Pony &amp; Clyde\",\"url\":\"https:\/\/www.pony-clyde.de\/\",\"logo\":{\"@type\":\"ImageObject\",\"inLanguage\":\"de\",\"@id\":\"https:\/\/www.pony-clyde.de\/#\/schema\/logo\/image\/\",\"url\":\"https:\/\/www.pony-clyde.de\/wp-content\/uploads\/2020\/04\/cropped-pc-logo-big.gif\",\"contentUrl\":\"https:\/\/www.pony-clyde.de\/wp-content\/uploads\/2020\/04\/cropped-pc-logo-big.gif\",\"width\":250,\"height\":41,\"caption\":\"Pony &amp; Clyde\"},\"image\":{\"@id\":\"https:\/\/www.pony-clyde.de\/#\/schema\/logo\/image\/\"}}]}<\/script>\n<!-- \/ Yoast SEO plugin. -->","yoast_head_json":{"title":"Home - Pony &amp; Clyde","description":"Pony & Clyde - Ihr Friseur am Berliner Tor in Hamburg. Auf unserer Website erfahren Sie unsere aktuellen Preise und wie Sie zu uns finden.","robots":{"index":"index","follow":"follow","max-snippet":"max-snippet:-1","max-image-preview":"max-image-preview:large","max-video-preview":"max-video-preview:-1"},"canonical":"https:\/\/www.pony-clyde.de\/","og_locale":"de_DE","og_type":"article","og_title":"Home - Pony &amp; Clyde","og_description":"Pony & Clyde - Ihr Friseur am Berliner Tor in Hamburg. Auf unserer Website erfahren Sie unsere aktuellen Preise und wie Sie zu uns finden.","og_url":"https:\/\/www.pony-clyde.de\/","og_site_name":"Pony &amp; Clyde","article_modified_time":"2025-06-30T18:15:53+00:00","twitter_card":"summary_large_image","twitter_misc":{"Gesch\u00e4tzte Lesezeit":"3\u00a0Minuten"},"schema":{"@context":"https:\/\/schema.org","@graph":[{"@type":"WebPage","@id":"https:\/\/www.pony-clyde.de\/","url":"https:\/\/www.pony-clyde.de\/","name":"Home - Pony &amp; Clyde","isPartOf":{"@id":"https:\/\/www.pony-clyde.de\/#website"},"datePublished":"2020-04-03T10:35:04+00:00","dateModified":"2025-06-30T18:15:53+00:00","description":"Pony & Clyde - Ihr Friseur am Berliner Tor in Hamburg. Auf unserer Website erfahren Sie unsere aktuellen Preise und wie Sie zu uns finden.","breadcrumb":{"@id":"https:\/\/www.pony-clyde.de\/#breadcrumb"},"inLanguage":"de","potentialAction":[{"@type":"ReadAction","target":["https:\/\/www.pony-clyde.de\/"]}]},{"@type":"BreadcrumbList","@id":"https:\/\/www.pony-clyde.de\/#breadcrumb","itemListElement":[{"@type":"ListItem","position":1,"name":"Startseite","item":"https:\/\/www.pony-clyde.de\/"},{"@type":"ListItem","position":2,"name":"Home"}]},{"@type":"WebSite","@id":"https:\/\/www.pony-clyde.de\/#website","url":"https:\/\/www.pony-clyde.de\/","name":"Pony &amp; Clyde","description":"Friseursalon","publisher":{"@id":"https:\/\/www.pony-clyde.de\/#organization"},"potentialAction":[{"@type":"SearchAction","target":{"@type":"EntryPoint","urlTemplate":"https:\/\/www.pony-clyde.de\/?s={search_term_string}"},"query-input":{"@type":"PropertyValueSpecification","valueRequired":true,"valueName":"search_term_string"}}],"inLanguage":"de"},{"@type":"Organization","@id":"https:\/\/www.pony-clyde.de\/#organization","name":"Pony &amp; Clyde","url":"https:\/\/www.pony-clyde.de\/","logo":{"@type":"ImageObject","inLanguage":"de","@id":"https:\/\/www.pony-clyde.de\/#\/schema\/logo\/image\/","url":"https:\/\/www.pony-clyde.de\/wp-content\/uploads\/2020\/04\/cropped-pc-logo-big.gif","contentUrl":"https:\/\/www.pony-clyde.de\/wp-content\/uploads\/2020\/04\/cropped-pc-logo-big.gif","width":250,"height":41,"caption":"Pony &amp; Clyde"},"image":{"@id":"https:\/\/www.pony-clyde.de\/#\/schema\/logo\/image\/"}}]}},"_links":{"self":[{"href":"https:\/\/www.pony-clyde.de\/index.php?rest_route=\/wp\/v2\/pages\/251"}],"collection":[{"href":"https:\/\/www.pony-clyde.de\/index.php?rest_route=\/wp\/v2\/pages"}],"about":[{"href":"https:\/\/www.pony-clyde.de\/index.php?rest_route=\/wp\/v2\/types\/page"}],"author":[{"embeddable":true,"href":"https:\/\/www.pony-clyde.de\/index.php?rest_route=\/wp\/v2\/users\/1"}],"replies":[{"embeddable":true,"href":"https:\/\/www.pony-clyde.de\/index.php?rest_route=%2Fwp%2Fv2%2Fcomments&post=251"}],"version-history":[{"count":31,"href":"https:\/\/www.pony-clyde.de\/index.php?rest_route=\/wp\/v2\/pages\/251\/revisions"}],"predecessor-version":[{"id":336,"href":"https:\/\/www.pony-clyde.de\/index.php?rest_route=\/wp\/v2\/pages\/251\/revisions\/336"}],"wp:attachment":[{"href":"https:\/\/www.pony-clyde.de\/index.php?rest_route=%2Fwp%2Fv2%2Fmedia&parent=251"}],"curies":[{"name":"wp","href":"https:\/\/api.w.org\/{rel}","templated":true}]}}